{"id":80,"date":"2020-10-30T11:43:52","date_gmt":"2020-10-30T14:43:52","guid":{"rendered":"https:\/\/ecooprint.ind.br\/?post_type=product&#038;p=80"},"modified":"2020-10-30T12:01:06","modified_gmt":"2020-10-30T15:01:06","slug":"panfletos","status":"publish","type":"product","link":"https:\/\/ecooprint.ind.br\/index.php\/produto\/panfletos\/","title":{"rendered":"Panfletos"},"content":{"rendered":"<p>O impresso para quem deseja divulgar marcas, produtos, servi\u00e7os ou promo\u00e7\u00f5es de maneira eficaz, atingindo o maior n\u00famero de pessoas poss\u00edvel, sem abrir m\u00e3o de \u00f3timo custo.<\/p>\n<p>O que \u00e9: Panfletos s\u00e3o materiais impressos cl\u00e1ssicos. S\u00e3o folhas de papel com impress\u00e3o em um ou dois lados, distribu\u00eddas massivamente com informa\u00e7\u00f5es relevantes ao p\u00fablico ao qual se destinam.<\/p>\n","protected":false},"excerpt":{"rendered":"<p>100 unidades<\/p>\n","protected":false},"featured_media":83,"comment_status":"open","ping_status":"closed","template":"","meta":{"spay_email":""},"product_cat":[18],"product_tag":[19,20],"_links":{"self":[{"href":"https:\/\/ecooprint.ind.br\/index.php\/wp-json\/wp\/v2\/product\/80"}],"collection":[{"href":"https:\/\/ecooprint.ind.br\/index.php\/wp-json\/wp\/v2\/product"}],"about":[{"href":"https:\/\/ecooprint.ind.br\/index.php\/wp-json\/wp\/v2\/types\/product"}],"replies":[{"embeddable":true,"href":"https:\/\/ecooprint.ind.br\/index.php\/wp-json\/wp\/v2\/comments?post=80"}],"wp:featuredmedia":[{"embeddable":true,"href":"https:\/\/ecooprint.ind.br\/index.php\/wp-json\/wp\/v2\/media\/83"}],"wp:attachment":[{"href":"https:\/\/ecooprint.ind.br\/index.php\/wp-json\/wp\/v2\/media?parent=80"}],"wp:term":[{"taxonomy":"product_cat","embeddable":true,"href":"https:\/\/ecooprint.ind.br\/index.php\/wp-json\/wp\/v2\/product_cat?post=80"},{"taxonomy":"product_tag","embeddable":true,"href":"https:\/\/ecooprint.ind.br\/index.php\/wp-json\/wp\/v2\/product_tag?post=80"}],"curies":[{"name":"wp","href":"https:\/\/api.w.org\/{rel}","templated":true}]}}